
{"id":1288,"date":"2022-11-25T04:12:10","date_gmt":"2022-11-25T04:12:10","guid":{"rendered":"http:\/\/beta.mathnasium.edu.vn\/chuong-trinh-hoc-khoi-dau\/"},"modified":"2025-07-09T04:20:19","modified_gmt":"2025-07-09T04:20:19","slug":"chuong-trinh-hoc-khoi-dau","status":"publish","type":"page","link":"https:\/\/mathnasium.edu.vn\/en\/chuong-trinh-hoc-phuong-phap-hoc\/chuong-trinh-hoc-khoi-dau\/","title":{"rendered":"Ch\u01b0\u01a1ng tr\u00ecnh h\u1ecdc &#8211; kh\u1edfi \u0111\u1ea7u"},"content":{"rendered":"","protected":false},"excerpt":{"rendered":"","protected":false},"author":1,"featured_media":0,"parent":1317,"menu_order":0,"comment_status":"closed","ping_status":"closed","template":"templates\/start.php","meta":{"_acf_changed":false,"footnotes":""},"class_list":["post-1288","page","type-page","status-publish"],"acf":[],"yoast_head":"<!-- This site is optimized with the Yoast SEO plugin v27.4 - https:\/\/yoast.com\/product\/yoast-seo-wordpress\/ -->\n<title>Mathnasium Vi\u1ec7t Nam - Ch\u01b0\u01a1ng tr\u00ecnh To\u00e1n T\u01b0 duy M\u1ea7m non<\/title>\n<meta name=\"description\" content=\"Ch\u01b0\u01a1ng tr\u00ecnh To\u00e1n T\u01b0 duy t\u1ea1i Mathnasium trang b\u1ecb cho h\u1ecdc vi\u00ean n\u1ec1n t\u1ea3ng ki\u1ebfn th\u1ee9c To\u00e1n, th\u00fac \u0111\u1ea9y s\u1ef1 ph\u00e1t tri\u1ec3n t\u01b0 duy trong giai \u0111o\u1ea1n v\u00e0ng.\" \/>\n<meta name=\"robots\" content=\"index, follow, max-snippet:-1, max-image-preview:large, max-video-preview:-1\" \/>\n<link rel=\"canonical\" href=\"https:\/\/mathnasium.edu.vn\/en\/chuong-trinh-hoc-phuong-phap-hoc\/chuong-trinh-hoc-khoi-dau\/\" \/>\n<meta property=\"og:locale\" content=\"en_US\" \/>\n<meta property=\"og:type\" content=\"article\" \/>\n<meta property=\"og:title\" content=\"Mathnasium Vi\u1ec7t Nam - Ch\u01b0\u01a1ng tr\u00ecnh To\u00e1n T\u01b0 duy M\u1ea7m non\" \/>\n<meta property=\"og:description\" content=\"Ch\u01b0\u01a1ng tr\u00ecnh To\u00e1n T\u01b0 duy t\u1ea1i Mathnasium trang b\u1ecb cho h\u1ecdc vi\u00ean n\u1ec1n t\u1ea3ng ki\u1ebfn th\u1ee9c To\u00e1n, th\u00fac \u0111\u1ea9y s\u1ef1 ph\u00e1t tri\u1ec3n t\u01b0 duy trong giai \u0111o\u1ea1n v\u00e0ng.\" \/>\n<meta property=\"og:url\" content=\"https:\/\/mathnasium.edu.vn\/en\/chuong-trinh-hoc-phuong-phap-hoc\/chuong-trinh-hoc-khoi-dau\/\" \/>\n<meta property=\"og:site_name\" content=\"Mathnasium\" \/>\n<meta property=\"article:modified_time\" content=\"2025-07-09T04:20:19+00:00\" \/>\n<meta name=\"twitter:card\" content=\"summary_large_image\" \/>\n<script type=\"application\/ld+json\" class=\"yoast-schema-graph\">{\"@context\":\"https:\\\/\\\/schema.org\",\"@graph\":[{\"@type\":\"WebPage\",\"@id\":\"https:\\\/\\\/mathnasium.edu.vn\\\/en\\\/chuong-trinh-hoc-phuong-phap-hoc\\\/chuong-trinh-hoc-khoi-dau\\\/\",\"url\":\"https:\\\/\\\/mathnasium.edu.vn\\\/en\\\/chuong-trinh-hoc-phuong-phap-hoc\\\/chuong-trinh-hoc-khoi-dau\\\/\",\"name\":\"Mathnasium Vi\u1ec7t Nam - Ch\u01b0\u01a1ng tr\u00ecnh To\u00e1n T\u01b0 duy M\u1ea7m non\",\"isPartOf\":{\"@id\":\"https:\\\/\\\/mathnasium.edu.vn\\\/#website\"},\"datePublished\":\"2022-11-25T04:12:10+00:00\",\"dateModified\":\"2025-07-09T04:20:19+00:00\",\"description\":\"Ch\u01b0\u01a1ng tr\u00ecnh To\u00e1n T\u01b0 duy t\u1ea1i Mathnasium trang b\u1ecb cho h\u1ecdc vi\u00ean n\u1ec1n t\u1ea3ng ki\u1ebfn th\u1ee9c To\u00e1n, th\u00fac \u0111\u1ea9y s\u1ef1 ph\u00e1t tri\u1ec3n t\u01b0 duy trong giai \u0111o\u1ea1n v\u00e0ng.\",\"breadcrumb\":{\"@id\":\"https:\\\/\\\/mathnasium.edu.vn\\\/en\\\/chuong-trinh-hoc-phuong-phap-hoc\\\/chuong-trinh-hoc-khoi-dau\\\/#breadcrumb\"},\"inLanguage\":\"en\",\"potentialAction\":[{\"@type\":\"ReadAction\",\"target\":[\"https:\\\/\\\/mathnasium.edu.vn\\\/en\\\/chuong-trinh-hoc-phuong-phap-hoc\\\/chuong-trinh-hoc-khoi-dau\\\/\"]}]},{\"@type\":\"BreadcrumbList\",\"@id\":\"https:\\\/\\\/mathnasium.edu.vn\\\/en\\\/chuong-trinh-hoc-phuong-phap-hoc\\\/chuong-trinh-hoc-khoi-dau\\\/#breadcrumb\",\"itemListElement\":[{\"@type\":\"ListItem\",\"position\":1,\"name\":\"Home\",\"item\":\"https:\\\/\\\/mathnasium.edu.vn\\\/en\\\/\"},{\"@type\":\"ListItem\",\"position\":2,\"name\":\"PH\u01af\u01a0NG PH\u00c1P MATHNASIUM\",\"item\":\"https:\\\/\\\/mathnasium.edu.vn\\\/en\\\/chuong-trinh-hoc-phuong-phap-hoc\\\/\"},{\"@type\":\"ListItem\",\"position\":3,\"name\":\"Ch\u01b0\u01a1ng tr\u00ecnh h\u1ecdc &#8211; kh\u1edfi \u0111\u1ea7u\"}]},{\"@type\":\"WebSite\",\"@id\":\"https:\\\/\\\/mathnasium.edu.vn\\\/#website\",\"url\":\"https:\\\/\\\/mathnasium.edu.vn\\\/\",\"name\":\"Mathnasium\",\"description\":\"\",\"publisher\":{\"@id\":\"https:\\\/\\\/mathnasium.edu.vn\\\/#organization\"},\"potentialAction\":[{\"@type\":\"SearchAction\",\"target\":{\"@type\":\"EntryPoint\",\"urlTemplate\":\"https:\\\/\\\/mathnasium.edu.vn\\\/?s={search_term_string}\"},\"query-input\":{\"@type\":\"PropertyValueSpecification\",\"valueRequired\":true,\"valueName\":\"search_term_string\"}}],\"inLanguage\":\"en\"},{\"@type\":\"Organization\",\"@id\":\"https:\\\/\\\/mathnasium.edu.vn\\\/#organization\",\"name\":\"Mathnasium\",\"url\":\"https:\\\/\\\/mathnasium.edu.vn\\\/\",\"logo\":{\"@type\":\"ImageObject\",\"inLanguage\":\"en\",\"@id\":\"https:\\\/\\\/mathnasium.edu.vn\\\/#\\\/schema\\\/logo\\\/image\\\/\",\"url\":\"https:\\\/\\\/mathnasium.edu.vn\\\/wp-content\\\/uploads\\\/2022\\\/05\\\/Logo_header.svg\",\"contentUrl\":\"https:\\\/\\\/mathnasium.edu.vn\\\/wp-content\\\/uploads\\\/2022\\\/05\\\/Logo_header.svg\",\"caption\":\"Mathnasium\"},\"image\":{\"@id\":\"https:\\\/\\\/mathnasium.edu.vn\\\/#\\\/schema\\\/logo\\\/image\\\/\"}}]}<\/script>\n<!-- \/ Yoast SEO plugin. -->","yoast_head_json":{"title":"Mathnasium Vi\u1ec7t Nam - Ch\u01b0\u01a1ng tr\u00ecnh To\u00e1n T\u01b0 duy M\u1ea7m non","description":"Ch\u01b0\u01a1ng tr\u00ecnh To\u00e1n T\u01b0 duy t\u1ea1i Mathnasium trang b\u1ecb cho h\u1ecdc vi\u00ean n\u1ec1n t\u1ea3ng ki\u1ebfn th\u1ee9c To\u00e1n, th\u00fac \u0111\u1ea9y s\u1ef1 ph\u00e1t tri\u1ec3n t\u01b0 duy trong giai \u0111o\u1ea1n v\u00e0ng.","robots":{"index":"index","follow":"follow","max-snippet":"max-snippet:-1","max-image-preview":"max-image-preview:large","max-video-preview":"max-video-preview:-1"},"canonical":"https:\/\/mathnasium.edu.vn\/en\/chuong-trinh-hoc-phuong-phap-hoc\/chuong-trinh-hoc-khoi-dau\/","og_locale":"en_US","og_type":"article","og_title":"Mathnasium Vi\u1ec7t Nam - Ch\u01b0\u01a1ng tr\u00ecnh To\u00e1n T\u01b0 duy M\u1ea7m non","og_description":"Ch\u01b0\u01a1ng tr\u00ecnh To\u00e1n T\u01b0 duy t\u1ea1i Mathnasium trang b\u1ecb cho h\u1ecdc vi\u00ean n\u1ec1n t\u1ea3ng ki\u1ebfn th\u1ee9c To\u00e1n, th\u00fac \u0111\u1ea9y s\u1ef1 ph\u00e1t tri\u1ec3n t\u01b0 duy trong giai \u0111o\u1ea1n v\u00e0ng.","og_url":"https:\/\/mathnasium.edu.vn\/en\/chuong-trinh-hoc-phuong-phap-hoc\/chuong-trinh-hoc-khoi-dau\/","og_site_name":"Mathnasium","article_modified_time":"2025-07-09T04:20:19+00:00","twitter_card":"summary_large_image","schema":{"@context":"https:\/\/schema.org","@graph":[{"@type":"WebPage","@id":"https:\/\/mathnasium.edu.vn\/en\/chuong-trinh-hoc-phuong-phap-hoc\/chuong-trinh-hoc-khoi-dau\/","url":"https:\/\/mathnasium.edu.vn\/en\/chuong-trinh-hoc-phuong-phap-hoc\/chuong-trinh-hoc-khoi-dau\/","name":"Mathnasium Vi\u1ec7t Nam - Ch\u01b0\u01a1ng tr\u00ecnh To\u00e1n T\u01b0 duy M\u1ea7m non","isPartOf":{"@id":"https:\/\/mathnasium.edu.vn\/#website"},"datePublished":"2022-11-25T04:12:10+00:00","dateModified":"2025-07-09T04:20:19+00:00","description":"Ch\u01b0\u01a1ng tr\u00ecnh To\u00e1n T\u01b0 duy t\u1ea1i Mathnasium trang b\u1ecb cho h\u1ecdc vi\u00ean n\u1ec1n t\u1ea3ng ki\u1ebfn th\u1ee9c To\u00e1n, th\u00fac \u0111\u1ea9y s\u1ef1 ph\u00e1t tri\u1ec3n t\u01b0 duy trong giai \u0111o\u1ea1n v\u00e0ng.","breadcrumb":{"@id":"https:\/\/mathnasium.edu.vn\/en\/chuong-trinh-hoc-phuong-phap-hoc\/chuong-trinh-hoc-khoi-dau\/#breadcrumb"},"inLanguage":"en","potentialAction":[{"@type":"ReadAction","target":["https:\/\/mathnasium.edu.vn\/en\/chuong-trinh-hoc-phuong-phap-hoc\/chuong-trinh-hoc-khoi-dau\/"]}]},{"@type":"BreadcrumbList","@id":"https:\/\/mathnasium.edu.vn\/en\/chuong-trinh-hoc-phuong-phap-hoc\/chuong-trinh-hoc-khoi-dau\/#breadcrumb","itemListElement":[{"@type":"ListItem","position":1,"name":"Home","item":"https:\/\/mathnasium.edu.vn\/en\/"},{"@type":"ListItem","position":2,"name":"PH\u01af\u01a0NG PH\u00c1P MATHNASIUM","item":"https:\/\/mathnasium.edu.vn\/en\/chuong-trinh-hoc-phuong-phap-hoc\/"},{"@type":"ListItem","position":3,"name":"Ch\u01b0\u01a1ng tr\u00ecnh h\u1ecdc &#8211; kh\u1edfi \u0111\u1ea7u"}]},{"@type":"WebSite","@id":"https:\/\/mathnasium.edu.vn\/#website","url":"https:\/\/mathnasium.edu.vn\/","name":"Mathnasium","description":"","publisher":{"@id":"https:\/\/mathnasium.edu.vn\/#organization"},"potentialAction":[{"@type":"SearchAction","target":{"@type":"EntryPoint","urlTemplate":"https:\/\/mathnasium.edu.vn\/?s={search_term_string}"},"query-input":{"@type":"PropertyValueSpecification","valueRequired":true,"valueName":"search_term_string"}}],"inLanguage":"en"},{"@type":"Organization","@id":"https:\/\/mathnasium.edu.vn\/#organization","name":"Mathnasium","url":"https:\/\/mathnasium.edu.vn\/","logo":{"@type":"ImageObject","inLanguage":"en","@id":"https:\/\/mathnasium.edu.vn\/#\/schema\/logo\/image\/","url":"https:\/\/mathnasium.edu.vn\/wp-content\/uploads\/2022\/05\/Logo_header.svg","contentUrl":"https:\/\/mathnasium.edu.vn\/wp-content\/uploads\/2022\/05\/Logo_header.svg","caption":"Mathnasium"},"image":{"@id":"https:\/\/mathnasium.edu.vn\/#\/schema\/logo\/image\/"}}]}},"_links":{"self":[{"href":"https:\/\/mathnasium.edu.vn\/en\/wp-json\/wp\/v2\/pages\/1288","targetHints":{"allow":["GET"]}}],"collection":[{"href":"https:\/\/mathnasium.edu.vn\/en\/wp-json\/wp\/v2\/pages"}],"about":[{"href":"https:\/\/mathnasium.edu.vn\/en\/wp-json\/wp\/v2\/types\/page"}],"author":[{"embeddable":true,"href":"https:\/\/mathnasium.edu.vn\/en\/wp-json\/wp\/v2\/users\/1"}],"replies":[{"embeddable":true,"href":"https:\/\/mathnasium.edu.vn\/en\/wp-json\/wp\/v2\/comments?post=1288"}],"version-history":[{"count":24,"href":"https:\/\/mathnasium.edu.vn\/en\/wp-json\/wp\/v2\/pages\/1288\/revisions"}],"predecessor-version":[{"id":8080,"href":"https:\/\/mathnasium.edu.vn\/en\/wp-json\/wp\/v2\/pages\/1288\/revisions\/8080"}],"up":[{"embeddable":true,"href":"https:\/\/mathnasium.edu.vn\/en\/wp-json\/wp\/v2\/pages\/1317"}],"wp:attachment":[{"href":"https:\/\/mathnasium.edu.vn\/en\/wp-json\/wp\/v2\/media?parent=1288"}],"curies":[{"name":"wp","href":"https:\/\/api.w.org\/{rel}","templated":true}]}}