
{"id":1317,"date":"2022-11-24T07:16:57","date_gmt":"2022-11-24T07:16:57","guid":{"rendered":"http:\/\/beta.mathnasium.edu.vn\/chuong-trinh-hoc-phuong-phap-hoc\/"},"modified":"2025-08-11T09:29:50","modified_gmt":"2025-08-11T09:29:50","slug":"chuong-trinh-hoc-phuong-phap-hoc","status":"publish","type":"page","link":"https:\/\/mathnasium.edu.vn\/en\/chuong-trinh-hoc-phuong-phap-hoc\/","title":{"rendered":"PH\u01af\u01a0NG PH\u00c1P MATHNASIUM"},"content":{"rendered":"","protected":false},"excerpt":{"rendered":"","protected":false},"author":1,"featured_media":0,"parent":0,"menu_order":0,"comment_status":"closed","ping_status":"closed","template":"templates\/method.php","meta":{"_acf_changed":false,"footnotes":""},"class_list":["post-1317","page","type-page","status-publish"],"acf":[],"yoast_head":"<!-- This site is optimized with the Yoast SEO plugin v27.4 - https:\/\/yoast.com\/product\/yoast-seo-wordpress\/ -->\n<title>Mathnasium Vi\u1ec7t Nam - Ph\u01b0\u01a1ng ph\u00e1p To\u00e1n T\u01b0 duy \u0111\u1ed9c quy\u1ec1n<\/title>\n<meta name=\"description\" content=\"Ch\u01b0\u01a1ng tr\u00ecnh h\u1ecdc &quot;c\u00e1 nh\u00e2n ho\u00e1&quot; v\u00e0 ph\u01b0\u01a1ng ph\u00e1p Mathnasium \u0111\u1ed9c quy\u1ec1n gi\u00fap tr\u1ebb \u0111\u1ea1t m\u1ee5c ti\u00eau h\u1ecdc t\u1eadp m\u00f4n T\u00f3n v\u00e0 c\u00f3 l\u1ee3i th\u1ebf trong cu\u1ed9c s\u1ed1ng.\" \/>\n<meta name=\"robots\" content=\"index, follow, max-snippet:-1, max-image-preview:large, max-video-preview:-1\" \/>\n<link rel=\"canonical\" href=\"https:\/\/mathnasium.edu.vn\/en\/chuong-trinh-hoc-phuong-phap-hoc\/\" \/>\n<meta property=\"og:locale\" content=\"en_US\" \/>\n<meta property=\"og:type\" content=\"article\" \/>\n<meta property=\"og:title\" content=\"Mathnasium Vi\u1ec7t Nam - Ph\u01b0\u01a1ng ph\u00e1p To\u00e1n T\u01b0 duy \u0111\u1ed9c quy\u1ec1n\" \/>\n<meta property=\"og:description\" content=\"Ch\u01b0\u01a1ng tr\u00ecnh h\u1ecdc &quot;c\u00e1 nh\u00e2n ho\u00e1&quot; v\u00e0 ph\u01b0\u01a1ng ph\u00e1p Mathnasium \u0111\u1ed9c quy\u1ec1n gi\u00fap tr\u1ebb \u0111\u1ea1t m\u1ee5c ti\u00eau h\u1ecdc t\u1eadp m\u00f4n T\u00f3n v\u00e0 c\u00f3 l\u1ee3i th\u1ebf trong cu\u1ed9c s\u1ed1ng.\" \/>\n<meta property=\"og:url\" content=\"https:\/\/mathnasium.edu.vn\/en\/chuong-trinh-hoc-phuong-phap-hoc\/\" \/>\n<meta property=\"og:site_name\" content=\"Mathnasium\" \/>\n<meta property=\"article:modified_time\" content=\"2025-08-11T09:29:50+00:00\" \/>\n<meta name=\"twitter:card\" content=\"summary_large_image\" \/>\n<script type=\"application\/ld+json\" class=\"yoast-schema-graph\">{\"@context\":\"https:\\\/\\\/schema.org\",\"@graph\":[{\"@type\":\"WebPage\",\"@id\":\"https:\\\/\\\/mathnasium.edu.vn\\\/en\\\/chuong-trinh-hoc-phuong-phap-hoc\\\/\",\"url\":\"https:\\\/\\\/mathnasium.edu.vn\\\/en\\\/chuong-trinh-hoc-phuong-phap-hoc\\\/\",\"name\":\"Mathnasium Vi\u1ec7t Nam - Ph\u01b0\u01a1ng ph\u00e1p To\u00e1n T\u01b0 duy \u0111\u1ed9c quy\u1ec1n\",\"isPartOf\":{\"@id\":\"https:\\\/\\\/mathnasium.edu.vn\\\/#website\"},\"datePublished\":\"2022-11-24T07:16:57+00:00\",\"dateModified\":\"2025-08-11T09:29:50+00:00\",\"description\":\"Ch\u01b0\u01a1ng tr\u00ecnh h\u1ecdc \\\"c\u00e1 nh\u00e2n ho\u00e1\\\" v\u00e0 ph\u01b0\u01a1ng ph\u00e1p Mathnasium \u0111\u1ed9c quy\u1ec1n gi\u00fap tr\u1ebb \u0111\u1ea1t m\u1ee5c ti\u00eau h\u1ecdc t\u1eadp m\u00f4n T\u00f3n v\u00e0 c\u00f3 l\u1ee3i th\u1ebf trong cu\u1ed9c s\u1ed1ng.\",\"breadcrumb\":{\"@id\":\"https:\\\/\\\/mathnasium.edu.vn\\\/en\\\/chuong-trinh-hoc-phuong-phap-hoc\\\/#breadcrumb\"},\"inLanguage\":\"en\",\"potentialAction\":[{\"@type\":\"ReadAction\",\"target\":[\"https:\\\/\\\/mathnasium.edu.vn\\\/en\\\/chuong-trinh-hoc-phuong-phap-hoc\\\/\"]}]},{\"@type\":\"BreadcrumbList\",\"@id\":\"https:\\\/\\\/mathnasium.edu.vn\\\/en\\\/chuong-trinh-hoc-phuong-phap-hoc\\\/#breadcrumb\",\"itemListElement\":[{\"@type\":\"ListItem\",\"position\":1,\"name\":\"Home\",\"item\":\"https:\\\/\\\/mathnasium.edu.vn\\\/en\\\/\"},{\"@type\":\"ListItem\",\"position\":2,\"name\":\"PH\u01af\u01a0NG PH\u00c1P MATHNASIUM\"}]},{\"@type\":\"WebSite\",\"@id\":\"https:\\\/\\\/mathnasium.edu.vn\\\/#website\",\"url\":\"https:\\\/\\\/mathnasium.edu.vn\\\/\",\"name\":\"Mathnasium\",\"description\":\"\",\"publisher\":{\"@id\":\"https:\\\/\\\/mathnasium.edu.vn\\\/#organization\"},\"potentialAction\":[{\"@type\":\"SearchAction\",\"target\":{\"@type\":\"EntryPoint\",\"urlTemplate\":\"https:\\\/\\\/mathnasium.edu.vn\\\/?s={search_term_string}\"},\"query-input\":{\"@type\":\"PropertyValueSpecification\",\"valueRequired\":true,\"valueName\":\"search_term_string\"}}],\"inLanguage\":\"en\"},{\"@type\":\"Organization\",\"@id\":\"https:\\\/\\\/mathnasium.edu.vn\\\/#organization\",\"name\":\"Mathnasium\",\"url\":\"https:\\\/\\\/mathnasium.edu.vn\\\/\",\"logo\":{\"@type\":\"ImageObject\",\"inLanguage\":\"en\",\"@id\":\"https:\\\/\\\/mathnasium.edu.vn\\\/#\\\/schema\\\/logo\\\/image\\\/\",\"url\":\"https:\\\/\\\/mathnasium.edu.vn\\\/wp-content\\\/uploads\\\/2022\\\/05\\\/Logo_header.svg\",\"contentUrl\":\"https:\\\/\\\/mathnasium.edu.vn\\\/wp-content\\\/uploads\\\/2022\\\/05\\\/Logo_header.svg\",\"caption\":\"Mathnasium\"},\"image\":{\"@id\":\"https:\\\/\\\/mathnasium.edu.vn\\\/#\\\/schema\\\/logo\\\/image\\\/\"}}]}<\/script>\n<!-- \/ Yoast SEO plugin. -->","yoast_head_json":{"title":"Mathnasium Vi\u1ec7t Nam - Ph\u01b0\u01a1ng ph\u00e1p To\u00e1n T\u01b0 duy \u0111\u1ed9c quy\u1ec1n","description":"Ch\u01b0\u01a1ng tr\u00ecnh h\u1ecdc \"c\u00e1 nh\u00e2n ho\u00e1\" v\u00e0 ph\u01b0\u01a1ng ph\u00e1p Mathnasium \u0111\u1ed9c quy\u1ec1n gi\u00fap tr\u1ebb \u0111\u1ea1t m\u1ee5c ti\u00eau h\u1ecdc t\u1eadp m\u00f4n T\u00f3n v\u00e0 c\u00f3 l\u1ee3i th\u1ebf trong cu\u1ed9c s\u1ed1ng.","robots":{"index":"index","follow":"follow","max-snippet":"max-snippet:-1","max-image-preview":"max-image-preview:large","max-video-preview":"max-video-preview:-1"},"canonical":"https:\/\/mathnasium.edu.vn\/en\/chuong-trinh-hoc-phuong-phap-hoc\/","og_locale":"en_US","og_type":"article","og_title":"Mathnasium Vi\u1ec7t Nam - Ph\u01b0\u01a1ng ph\u00e1p To\u00e1n T\u01b0 duy \u0111\u1ed9c quy\u1ec1n","og_description":"Ch\u01b0\u01a1ng tr\u00ecnh h\u1ecdc \"c\u00e1 nh\u00e2n ho\u00e1\" v\u00e0 ph\u01b0\u01a1ng ph\u00e1p Mathnasium \u0111\u1ed9c quy\u1ec1n gi\u00fap tr\u1ebb \u0111\u1ea1t m\u1ee5c ti\u00eau h\u1ecdc t\u1eadp m\u00f4n T\u00f3n v\u00e0 c\u00f3 l\u1ee3i th\u1ebf trong cu\u1ed9c s\u1ed1ng.","og_url":"https:\/\/mathnasium.edu.vn\/en\/chuong-trinh-hoc-phuong-phap-hoc\/","og_site_name":"Mathnasium","article_modified_time":"2025-08-11T09:29:50+00:00","twitter_card":"summary_large_image","schema":{"@context":"https:\/\/schema.org","@graph":[{"@type":"WebPage","@id":"https:\/\/mathnasium.edu.vn\/en\/chuong-trinh-hoc-phuong-phap-hoc\/","url":"https:\/\/mathnasium.edu.vn\/en\/chuong-trinh-hoc-phuong-phap-hoc\/","name":"Mathnasium Vi\u1ec7t Nam - Ph\u01b0\u01a1ng ph\u00e1p To\u00e1n T\u01b0 duy \u0111\u1ed9c quy\u1ec1n","isPartOf":{"@id":"https:\/\/mathnasium.edu.vn\/#website"},"datePublished":"2022-11-24T07:16:57+00:00","dateModified":"2025-08-11T09:29:50+00:00","description":"Ch\u01b0\u01a1ng tr\u00ecnh h\u1ecdc \"c\u00e1 nh\u00e2n ho\u00e1\" v\u00e0 ph\u01b0\u01a1ng ph\u00e1p Mathnasium \u0111\u1ed9c quy\u1ec1n gi\u00fap tr\u1ebb \u0111\u1ea1t m\u1ee5c ti\u00eau h\u1ecdc t\u1eadp m\u00f4n T\u00f3n v\u00e0 c\u00f3 l\u1ee3i th\u1ebf trong cu\u1ed9c s\u1ed1ng.","breadcrumb":{"@id":"https:\/\/mathnasium.edu.vn\/en\/chuong-trinh-hoc-phuong-phap-hoc\/#breadcrumb"},"inLanguage":"en","potentialAction":[{"@type":"ReadAction","target":["https:\/\/mathnasium.edu.vn\/en\/chuong-trinh-hoc-phuong-phap-hoc\/"]}]},{"@type":"BreadcrumbList","@id":"https:\/\/mathnasium.edu.vn\/en\/chuong-trinh-hoc-phuong-phap-hoc\/#breadcrumb","itemListElement":[{"@type":"ListItem","position":1,"name":"Home","item":"https:\/\/mathnasium.edu.vn\/en\/"},{"@type":"ListItem","position":2,"name":"PH\u01af\u01a0NG PH\u00c1P MATHNASIUM"}]},{"@type":"WebSite","@id":"https:\/\/mathnasium.edu.vn\/#website","url":"https:\/\/mathnasium.edu.vn\/","name":"Mathnasium","description":"","publisher":{"@id":"https:\/\/mathnasium.edu.vn\/#organization"},"potentialAction":[{"@type":"SearchAction","target":{"@type":"EntryPoint","urlTemplate":"https:\/\/mathnasium.edu.vn\/?s={search_term_string}"},"query-input":{"@type":"PropertyValueSpecification","valueRequired":true,"valueName":"search_term_string"}}],"inLanguage":"en"},{"@type":"Organization","@id":"https:\/\/mathnasium.edu.vn\/#organization","name":"Mathnasium","url":"https:\/\/mathnasium.edu.vn\/","logo":{"@type":"ImageObject","inLanguage":"en","@id":"https:\/\/mathnasium.edu.vn\/#\/schema\/logo\/image\/","url":"https:\/\/mathnasium.edu.vn\/wp-content\/uploads\/2022\/05\/Logo_header.svg","contentUrl":"https:\/\/mathnasium.edu.vn\/wp-content\/uploads\/2022\/05\/Logo_header.svg","caption":"Mathnasium"},"image":{"@id":"https:\/\/mathnasium.edu.vn\/#\/schema\/logo\/image\/"}}]}},"_links":{"self":[{"href":"https:\/\/mathnasium.edu.vn\/en\/wp-json\/wp\/v2\/pages\/1317","targetHints":{"allow":["GET"]}}],"collection":[{"href":"https:\/\/mathnasium.edu.vn\/en\/wp-json\/wp\/v2\/pages"}],"about":[{"href":"https:\/\/mathnasium.edu.vn\/en\/wp-json\/wp\/v2\/types\/page"}],"author":[{"embeddable":true,"href":"https:\/\/mathnasium.edu.vn\/en\/wp-json\/wp\/v2\/users\/1"}],"replies":[{"embeddable":true,"href":"https:\/\/mathnasium.edu.vn\/en\/wp-json\/wp\/v2\/comments?post=1317"}],"version-history":[{"count":21,"href":"https:\/\/mathnasium.edu.vn\/en\/wp-json\/wp\/v2\/pages\/1317\/revisions"}],"predecessor-version":[{"id":8158,"href":"https:\/\/mathnasium.edu.vn\/en\/wp-json\/wp\/v2\/pages\/1317\/revisions\/8158"}],"wp:attachment":[{"href":"https:\/\/mathnasium.edu.vn\/en\/wp-json\/wp\/v2\/media?parent=1317"}],"curies":[{"name":"wp","href":"https:\/\/api.w.org\/{rel}","templated":true}]}}